{"id":2006,"date":"2026-02-23T15:03:14","date_gmt":"2026-02-23T15:03:14","guid":{"rendered":"https:\/\/investars.es\/?page_id=2006"},"modified":"2026-02-23T15:17:24","modified_gmt":"2026-02-23T15:17:24","slug":"declaracion-de-accesibilidad","status":"publish","type":"page","link":"https:\/\/investars.es\/en\/declaracion-de-accesibilidad\/","title":{"rendered":"Declaraci\u00f3n de Accesibilidad"},"content":{"rendered":"<div data-elementor-type=\"wp-page\" data-elementor-id=\"2006\" class=\"elementor elementor-2006\" data-elementor-post-type=\"page\">\n\t\t\t\t<div class=\"elementor-element elementor-element-27aabe1 e-flex e-con-boxed e-con e-parent\" data-id=\"27aabe1\" data-element_type=\"container\">\n\t\t\t\t\t<div class=\"e-con-inner\">\n\t\t\t\t<div class=\"elementor-element elementor-element-46a9371 title-cursive elementor-widget elementor-widget-heading\" data-id=\"46a9371\" data-element_type=\"widget\" data-widget_type=\"heading.default\">\n\t\t\t\t<div class=\"elementor-widget-container\">\n\t\t\t\t\t<h2 class=\"elementor-heading-title elementor-size-default\">Declaraci\u00f3n de <span> Accesibilidad <\/span><\/h2>\t\t\t\t<\/div>\n\t\t\t\t<\/div>\n\t\t\t\t<div class=\"elementor-element elementor-element-b09c69c elementor-widget elementor-widget-text-editor\" data-id=\"b09c69c\" data-element_type=\"widget\" data-widget_type=\"text-editor.default\">\n\t\t\t\t<div class=\"elementor-widget-container\">\n\t\t\t\t\t\t\t\t\t<p data-path-to-node=\"4\"><b data-path-to-node=\"4\" data-index-in-node=\"0\">Investars Propiedades S.L.<\/b> se compromete a garantizar la accesibilidad digital para todas las personas, incluidas aquellas con discapacidades. Trabajamos constantemente para mejorar la experiencia de usuario y aplicar los est\u00e1ndares de accesibilidad correspondientes, de conformidad con el <b data-path-to-node=\"4\" data-index-in-node=\"290\">Real Decreto 1112\/2018, de 7 de septiembre<\/b>, sobre accesibilidad de los sitios web y aplicaciones para dispositivos m\u00f3viles del sector p\u00fablico.<\/p><p data-path-to-node=\"5\">Esta declaraci\u00f3n de accesibilidad se aplica al sitio web: <b data-path-to-node=\"5\" data-index-in-node=\"58\"><a class=\"ng-star-inserted\" href=\"https:\/\/investars.es\/en\/\" target=\"_blank\" rel=\"noopener\" data-hveid=\"0\" data-ved=\"0CAAQ_4QMahcKEwj4p4-C9O-SAxUAAAAAHQAAAAAQVg\">https:\/\/investars.es\/<\/a><\/b>.<\/p><h3 data-path-to-node=\"6\">SITUACI\u00d3N DE CUMPLIMIENTO<\/h3><p data-path-to-node=\"7\">Este sitio web es <b data-path-to-node=\"7\" data-index-in-node=\"18\">plenamente conforme<\/b> con el Real Decreto 1112\/2018.<\/p><h3 data-path-to-node=\"8\">CONTENIDO NO ACCESIBLE<\/h3><p data-path-to-node=\"9\">Todo el contenido de este sitio web es accesible conforme a la normativa vigente, con las siguientes salvedades:<\/p><ol start=\"1\" data-path-to-node=\"10\"><li><p data-path-to-node=\"10,0,0\"><b data-path-to-node=\"10,0,0\" data-index-in-node=\"0\">Falta de conformidad con el RD 1112\/2018:<\/b> No aplica.<\/p><\/li><li><p data-path-to-node=\"10,1,0\"><b data-path-to-node=\"10,1,0\" data-index-in-node=\"0\">Carga desproporcionada:<\/b> No aplica.<\/p><\/li><li><p data-path-to-node=\"10,2,0\"><b data-path-to-node=\"10,2,0\" data-index-in-node=\"0\">Contenido no dentro del \u00e1mbito de la legislaci\u00f3n aplicable:<\/b> Algunos documentos en formatos como PDF o Word, publicados antes del 20 de septiembre de 2018, podr\u00edan no cumplir totalmente con todos los requisitos de accesibilidad, aunque se ha procurado que as\u00ed sea.<\/p><\/li><\/ol><h3 data-path-to-node=\"11\">PREPARACI\u00d3N DE ESTA DECLARACI\u00d3N DE ACCESIBILIDAD<\/h3><p data-path-to-node=\"12\">La presente declaraci\u00f3n fue preparada el <b data-path-to-node=\"12\" data-index-in-node=\"41\">09\/02\/2026<\/b>.<\/p><p data-path-to-node=\"13\">El m\u00e9todo utilizado para la elaboraci\u00f3n de esta declaraci\u00f3n ha sido una <b data-path-to-node=\"13\" data-index-in-node=\"72\">autoevaluaci\u00f3n realizada por Grupo Progresi S.L. con recursos propios<\/b>, de acuerdo con las condiciones establecidas en el art\u00edculo 17.1 del RD 1112\/2018.<\/p><p data-path-to-node=\"14\">La declaraci\u00f3n ha sido revisada y actualizada por \u00faltima vez el <b data-path-to-node=\"14\" data-index-in-node=\"64\">09\/02\/2026<\/b>.<\/p><h3 data-path-to-node=\"15\">OBSERVACIONES Y DATOS DE CONTACTO<\/h3><p data-path-to-node=\"16\">Si encuentra alguna dificultad de acceso o desea hacer consultas sobre la accesibilidad de este sitio web, puede comunicarse con nosotros a trav\u00e9s de:<\/p><ul data-path-to-node=\"17\"><li><p data-path-to-node=\"17,0,0\"><b data-path-to-node=\"17,0,0\" data-index-in-node=\"0\">Correo electr\u00f3nico:<\/b> info@investars.es<\/p><\/li><li><p data-path-to-node=\"17,1,0\"><b data-path-to-node=\"17,1,0\" data-index-in-node=\"0\">Sede\/Contacto:<\/b> calle General Ros de Olano 18, Escalera A, 3\u00ba Derecha, Alicante.<\/p><\/li><\/ul><p data-path-to-node=\"18\">Las solicitudes de informaci\u00f3n accesible y reclamaciones sobre accesibilidad ser\u00e1n gestionadas conforme al art\u00edculo 12 del RD 1112\/2018.<\/p><h3 data-path-to-node=\"19\">PROCEDIMIENTO DE APLICACI\u00d3N<\/h3><p data-path-to-node=\"20\">Si tras realizar una solicitud de accesibilidad esta fuera desestimada o no obtiene una respuesta satisfactoria, puede presentar una queja a trav\u00e9s del correo electr\u00f3nico <b data-path-to-node=\"20\" data-index-in-node=\"171\">info@investars.es<\/b>, o por las v\u00edas establecidas en la Ley 39\/2015, del Procedimiento Administrativo Com\u00fan de las Administraciones P\u00fablicas.<\/p><h3 data-path-to-node=\"21\">CONTENIDO OPCIONAL<\/h3><p data-path-to-node=\"22\">Este sitio web est\u00e1 dise\u00f1ado para permitir ajustes en la visualizaci\u00f3n de los contenidos mediante las configuraciones del navegador, incluyendo:<\/p><ul data-path-to-node=\"23\"><li><p data-path-to-node=\"23,0,0\">Cambio de tama\u00f1o del texto.<\/p><\/li><li><p data-path-to-node=\"23,1,0\">Modificaci\u00f3n del contraste y colores del fondo.<\/p><\/li><li><p data-path-to-node=\"23,2,0\">Navegaci\u00f3n mediante teclado.<\/p><\/li><\/ul><p data-path-to-node=\"24\">Si necesita asistencia adicional para configurar su navegador, puede consultar la p\u00e1gina de ayuda de la <b data-path-to-node=\"24\" data-index-in-node=\"104\">Web Accessibility Initiative (WAI)<\/b>.<\/p><p data-path-to-node=\"25\"><b data-path-to-node=\"25\" data-index-in-node=\"0\">Investars Propiedades S.L.<\/b> reafirma su compromiso con la inclusi\u00f3n digital. \u00a1Gracias por su colaboraci\u00f3n!<\/p>\t\t\t\t\t\t\t\t<\/div>\n\t\t\t\t<\/div>\n\t\t\t\t\t<\/div>\n\t\t\t\t<\/div>\n\t\t\t\t<\/div>","protected":false},"excerpt":{"rendered":"<p>Declaraci\u00f3n de Accesibilidad Investars Propiedades S.L. se compromete a garantizar la accesibilidad digital para todas las personas, incluidas aquellas con discapacidades. Trabajamos constantemente para mejorar la experiencia de usuario y aplicar los est\u00e1ndares de accesibilidad correspondientes, de conformidad con el Real Decreto 1112\/2018, de 7 de septiembre, sobre accesibilidad de los sitios web y aplicaciones [&hellip;]<\/p>","protected":false},"author":1,"featured_media":0,"parent":0,"menu_order":0,"comment_status":"closed","ping_status":"closed","template":"","meta":{"footnotes":""},"class_list":["post-2006","page","type-page","status-publish","hentry"],"yoast_head":"<!-- This site is optimized with the Yoast SEO plugin v27.2 - https:\/\/yoast.com\/product\/yoast-seo-wordpress\/ -->\n<title>Declaraci\u00f3n de Accesibilidad - Investars Propiedades<\/title>\n<meta name=\"robots\" content=\"index, follow, max-snippet:-1, max-image-preview:large, max-video-preview:-1\" \/>\n<link rel=\"canonical\" href=\"https:\/\/investars.es\/en\/declaracion-de-accesibilidad\/\" \/>\n<meta property=\"og:locale\" content=\"en_GB\" \/>\n<meta property=\"og:type\" content=\"article\" \/>\n<meta property=\"og:title\" content=\"Declaraci\u00f3n de Accesibilidad - Investars Propiedades\" \/>\n<meta property=\"og:description\" content=\"Declaraci\u00f3n de Accesibilidad Investars Propiedades S.L. se compromete a garantizar la accesibilidad digital para todas las personas, incluidas aquellas con discapacidades. Trabajamos constantemente para mejorar la experiencia de usuario y aplicar los est\u00e1ndares de accesibilidad correspondientes, de conformidad con el Real Decreto 1112\/2018, de 7 de septiembre, sobre accesibilidad de los sitios web y aplicaciones [&hellip;]\" \/>\n<meta property=\"og:url\" content=\"https:\/\/investars.es\/en\/declaracion-de-accesibilidad\/\" \/>\n<meta property=\"og:site_name\" content=\"Investars Propiedades\" \/>\n<meta property=\"article:modified_time\" content=\"2026-02-23T15:17:24+00:00\" \/>\n<meta property=\"og:image\" content=\"https:\/\/investars.es\/wp-content\/uploads\/2025\/06\/Isotipo-y-logotipo-resize.webp\" \/>\n\t<meta property=\"og:image:width\" content=\"784\" \/>\n\t<meta property=\"og:image:height\" content=\"204\" \/>\n\t<meta property=\"og:image:type\" content=\"image\/webp\" \/>\n<meta name=\"twitter:card\" content=\"summary_large_image\" \/>\n<meta name=\"twitter:label1\" content=\"Estimated reading time\" \/>\n\t<meta name=\"twitter:data1\" content=\"2 minutes\" \/>\n<script type=\"application\/ld+json\" class=\"yoast-schema-graph\">{\"@context\":\"https:\/\/schema.org\",\"@graph\":[{\"@type\":\"WebPage\",\"@id\":\"https:\/\/investars.es\/declaracion-de-accesibilidad\/\",\"url\":\"https:\/\/investars.es\/declaracion-de-accesibilidad\/\",\"name\":\"Declaraci\u00f3n de Accesibilidad - Investars Propiedades\",\"isPartOf\":{\"@id\":\"https:\/\/investars.es\/#website\"},\"datePublished\":\"2026-02-23T15:03:14+00:00\",\"dateModified\":\"2026-02-23T15:17:24+00:00\",\"breadcrumb\":{\"@id\":\"https:\/\/investars.es\/declaracion-de-accesibilidad\/#breadcrumb\"},\"inLanguage\":\"en-GB\",\"potentialAction\":[{\"@type\":\"ReadAction\",\"target\":[\"https:\/\/investars.es\/declaracion-de-accesibilidad\/\"]}]},{\"@type\":\"BreadcrumbList\",\"@id\":\"https:\/\/investars.es\/declaracion-de-accesibilidad\/#breadcrumb\",\"itemListElement\":[{\"@type\":\"ListItem\",\"position\":1,\"name\":\"Portada\",\"item\":\"https:\/\/investars.es\/\"},{\"@type\":\"ListItem\",\"position\":2,\"name\":\"Declaraci\u00f3n de Accesibilidad\"}]},{\"@type\":\"WebSite\",\"@id\":\"https:\/\/investars.es\/#website\",\"url\":\"https:\/\/investars.es\/\",\"name\":\"Investars Propiedades\",\"description\":\"Inversi\u00f3n, asesoramiento y gesti\u00f3n inmobiliaria\",\"publisher\":{\"@id\":\"https:\/\/investars.es\/#organization\"},\"potentialAction\":[{\"@type\":\"SearchAction\",\"target\":{\"@type\":\"EntryPoint\",\"urlTemplate\":\"https:\/\/investars.es\/?s={search_term_string}\"},\"query-input\":{\"@type\":\"PropertyValueSpecification\",\"valueRequired\":true,\"valueName\":\"search_term_string\"}}],\"inLanguage\":\"en-GB\"},{\"@type\":\"Organization\",\"@id\":\"https:\/\/investars.es\/#organization\",\"name\":\"Investars Propiedades\",\"url\":\"https:\/\/investars.es\/\",\"logo\":{\"@type\":\"ImageObject\",\"inLanguage\":\"en-GB\",\"@id\":\"https:\/\/investars.es\/#\/schema\/logo\/image\/\",\"url\":\"https:\/\/investars.es\/wp-content\/uploads\/2025\/06\/Isotipo-y-logotipo-resize.webp\",\"contentUrl\":\"https:\/\/investars.es\/wp-content\/uploads\/2025\/06\/Isotipo-y-logotipo-resize.webp\",\"width\":784,\"height\":204,\"caption\":\"Investars Propiedades\"},\"image\":{\"@id\":\"https:\/\/investars.es\/#\/schema\/logo\/image\/\"}}]}<\/script>\n<!-- \/ Yoast SEO plugin. -->","yoast_head_json":{"title":"Declaraci\u00f3n de Accesibilidad - Investars Propiedades","robots":{"index":"index","follow":"follow","max-snippet":"max-snippet:-1","max-image-preview":"max-image-preview:large","max-video-preview":"max-video-preview:-1"},"canonical":"https:\/\/investars.es\/en\/declaracion-de-accesibilidad\/","og_locale":"en_GB","og_type":"article","og_title":"Declaraci\u00f3n de Accesibilidad - Investars Propiedades","og_description":"Declaraci\u00f3n de Accesibilidad Investars Propiedades S.L. se compromete a garantizar la accesibilidad digital para todas las personas, incluidas aquellas con discapacidades. Trabajamos constantemente para mejorar la experiencia de usuario y aplicar los est\u00e1ndares de accesibilidad correspondientes, de conformidad con el Real Decreto 1112\/2018, de 7 de septiembre, sobre accesibilidad de los sitios web y aplicaciones [&hellip;]","og_url":"https:\/\/investars.es\/en\/declaracion-de-accesibilidad\/","og_site_name":"Investars Propiedades","article_modified_time":"2026-02-23T15:17:24+00:00","og_image":[{"width":784,"height":204,"url":"https:\/\/investars.es\/wp-content\/uploads\/2025\/06\/Isotipo-y-logotipo-resize.webp","type":"image\/webp"}],"twitter_card":"summary_large_image","twitter_misc":{"Estimated reading time":"2 minutes"},"schema":{"@context":"https:\/\/schema.org","@graph":[{"@type":"WebPage","@id":"https:\/\/investars.es\/declaracion-de-accesibilidad\/","url":"https:\/\/investars.es\/declaracion-de-accesibilidad\/","name":"Declaraci\u00f3n de Accesibilidad - Investars Propiedades","isPartOf":{"@id":"https:\/\/investars.es\/#website"},"datePublished":"2026-02-23T15:03:14+00:00","dateModified":"2026-02-23T15:17:24+00:00","breadcrumb":{"@id":"https:\/\/investars.es\/declaracion-de-accesibilidad\/#breadcrumb"},"inLanguage":"en-GB","potentialAction":[{"@type":"ReadAction","target":["https:\/\/investars.es\/declaracion-de-accesibilidad\/"]}]},{"@type":"BreadcrumbList","@id":"https:\/\/investars.es\/declaracion-de-accesibilidad\/#breadcrumb","itemListElement":[{"@type":"ListItem","position":1,"name":"Portada","item":"https:\/\/investars.es\/"},{"@type":"ListItem","position":2,"name":"Declaraci\u00f3n de Accesibilidad"}]},{"@type":"WebSite","@id":"https:\/\/investars.es\/#website","url":"https:\/\/investars.es\/","name":"Investars Propiedades","description":"Inversi\u00f3n, asesoramiento y gesti\u00f3n inmobiliaria","publisher":{"@id":"https:\/\/investars.es\/#organization"},"potentialAction":[{"@type":"SearchAction","target":{"@type":"EntryPoint","urlTemplate":"https:\/\/investars.es\/?s={search_term_string}"},"query-input":{"@type":"PropertyValueSpecification","valueRequired":true,"valueName":"search_term_string"}}],"inLanguage":"en-GB"},{"@type":"Organization","@id":"https:\/\/investars.es\/#organization","name":"Investars Propiedades","url":"https:\/\/investars.es\/","logo":{"@type":"ImageObject","inLanguage":"en-GB","@id":"https:\/\/investars.es\/#\/schema\/logo\/image\/","url":"https:\/\/investars.es\/wp-content\/uploads\/2025\/06\/Isotipo-y-logotipo-resize.webp","contentUrl":"https:\/\/investars.es\/wp-content\/uploads\/2025\/06\/Isotipo-y-logotipo-resize.webp","width":784,"height":204,"caption":"Investars Propiedades"},"image":{"@id":"https:\/\/investars.es\/#\/schema\/logo\/image\/"}}]}},"_links":{"self":[{"href":"https:\/\/investars.es\/en\/wp-json\/wp\/v2\/pages\/2006","targetHints":{"allow":["GET"]}}],"collection":[{"href":"https:\/\/investars.es\/en\/wp-json\/wp\/v2\/pages"}],"about":[{"href":"https:\/\/investars.es\/en\/wp-json\/wp\/v2\/types\/page"}],"author":[{"embeddable":true,"href":"https:\/\/investars.es\/en\/wp-json\/wp\/v2\/users\/1"}],"replies":[{"embeddable":true,"href":"https:\/\/investars.es\/en\/wp-json\/wp\/v2\/comments?post=2006"}],"version-history":[{"count":7,"href":"https:\/\/investars.es\/en\/wp-json\/wp\/v2\/pages\/2006\/revisions"}],"predecessor-version":[{"id":2015,"href":"https:\/\/investars.es\/en\/wp-json\/wp\/v2\/pages\/2006\/revisions\/2015"}],"wp:attachment":[{"href":"https:\/\/investars.es\/en\/wp-json\/wp\/v2\/media?parent=2006"}],"curies":[{"name":"wp","href":"https:\/\/api.w.org\/{rel}","templated":true}]}}